{"id":182,"date":"2024-02-05T12:14:02","date_gmt":"2024-02-05T11:14:02","guid":{"rendered":"https:\/\/madamefrite.fr\/?post_type=product&#038;p=182"},"modified":"2024-05-28T11:39:31","modified_gmt":"2024-05-28T09:39:31","slug":"milkshake-speculos","status":"publish","type":"product","link":"https:\/\/madamefrite.fr\/index.php\/produit\/milkshake-speculos\/","title":{"rendered":"MILKSHAKE SPECULOS"},"content":{"rendered":"<div class=\"product-description\">Milkshake fait maison \u00e0 base de glace vanille et v\u00e9ritables sp\u00e9culos.<\/div>\n","protected":false},"excerpt":{"rendered":"<div class=\"product-description\">Milkshake fait maison \u00e0 base de glace vanille et v\u00e9ritables sp\u00e9culos.<\/div>\n","protected":false},"featured_media":267,"template":"","meta":{"_kad_post_transparent":"default","_kad_post_title":"","_kad_post_layout":"default","_kad_post_sidebar_id":"","_kad_post_content_style":"default","_kad_post_vertical_padding":"default","_kad_post_feature":"","_kad_post_feature_position":"","_kad_post_header":false,"_kad_post_footer":false},"product_brand":[],"product_cat":[35,21],"product_tag":[],"class_list":{"0":"post-182","1":"product","2":"type-product","3":"status-publish","4":"has-post-thumbnail","6":"product_cat-mis-en-avant","7":"product_cat-desserts","9":"first","10":"instock","11":"taxable","12":"shipping-taxable","13":"purchasable","14":"product-type-simple","15":"entry","16":"content-bg","17":"loop-entry"},"_links":{"self":[{"href":"https:\/\/madamefrite.fr\/index.php\/wp-json\/wp\/v2\/product\/182","targetHints":{"allow":["GET"]}}],"collection":[{"href":"https:\/\/madamefrite.fr\/index.php\/wp-json\/wp\/v2\/product"}],"about":[{"href":"https:\/\/madamefrite.fr\/index.php\/wp-json\/wp\/v2\/types\/product"}],"wp:featuredmedia":[{"embeddable":true,"href":"https:\/\/madamefrite.fr\/index.php\/wp-json\/wp\/v2\/media\/267"}],"wp:attachment":[{"href":"https:\/\/madamefrite.fr\/index.php\/wp-json\/wp\/v2\/media?parent=182"}],"wp:term":[{"taxonomy":"product_brand","embeddable":true,"href":"https:\/\/madamefrite.fr\/index.php\/wp-json\/wp\/v2\/product_brand?post=182"},{"taxonomy":"product_cat","embeddable":true,"href":"https:\/\/madamefrite.fr\/index.php\/wp-json\/wp\/v2\/product_cat?post=182"},{"taxonomy":"product_tag","embeddable":true,"href":"https:\/\/madamefrite.fr\/index.php\/wp-json\/wp\/v2\/product_tag?post=182"}],"curies":[{"name":"wp","href":"https:\/\/api.w.org\/{rel}","templated":true}]}}