{"id":83,"date":"2024-01-29T14:35:58","date_gmt":"2024-01-29T13:35:58","guid":{"rendered":"https:\/\/madamefrite.fr\/?post_type=product&#038;p=83"},"modified":"2025-05-16T12:24:55","modified_gmt":"2025-05-16T10:24:55","slug":"fish-seul","status":"publish","type":"product","link":"https:\/\/madamefrite.fr\/index.php\/produit\/fish-seul\/","title":{"rendered":"FISH SEUL"},"content":{"rendered":"<div class=\"product-description\">Filet de poisson frais (vari\u00e9t\u00e9 selon arrivage), pan\u00e9 dans une p\u00e2te \u00e0 beignet maison.<\/div>\n","protected":false},"excerpt":{"rendered":"<div class=\"product-description\">Filet de poisson frais (vari\u00e9t\u00e9 selon arrivage), pan\u00e9 dans une p\u00e2te \u00e0 beignet maison.<\/div>\n","protected":false},"featured_media":270,"template":"","meta":{"_kad_post_transparent":"default","_kad_post_title":"","_kad_post_layout":"default","_kad_post_sidebar_id":"","_kad_post_content_style":"default","_kad_post_vertical_padding":"default","_kad_post_feature":"","_kad_post_feature_position":"","_kad_post_header":false,"_kad_post_footer":false},"product_brand":[],"product_cat":[17],"product_tag":[],"class_list":{"0":"post-83","1":"product","2":"type-product","3":"status-publish","4":"has-post-thumbnail","6":"product_cat-burgers","8":"first","9":"instock","10":"taxable","11":"shipping-taxable","12":"purchasable","13":"product-type-simple","14":"entry","15":"content-bg","16":"loop-entry"},"_links":{"self":[{"href":"https:\/\/madamefrite.fr\/index.php\/wp-json\/wp\/v2\/product\/83","targetHints":{"allow":["GET"]}}],"collection":[{"href":"https:\/\/madamefrite.fr\/index.php\/wp-json\/wp\/v2\/product"}],"about":[{"href":"https:\/\/madamefrite.fr\/index.php\/wp-json\/wp\/v2\/types\/product"}],"wp:featuredmedia":[{"embeddable":true,"href":"https:\/\/madamefrite.fr\/index.php\/wp-json\/wp\/v2\/media\/270"}],"wp:attachment":[{"href":"https:\/\/madamefrite.fr\/index.php\/wp-json\/wp\/v2\/media?parent=83"}],"wp:term":[{"taxonomy":"product_brand","embeddable":true,"href":"https:\/\/madamefrite.fr\/index.php\/wp-json\/wp\/v2\/product_brand?post=83"},{"taxonomy":"product_cat","embeddable":true,"href":"https:\/\/madamefrite.fr\/index.php\/wp-json\/wp\/v2\/product_cat?post=83"},{"taxonomy":"product_tag","embeddable":true,"href":"https:\/\/madamefrite.fr\/index.php\/wp-json\/wp\/v2\/product_tag?post=83"}],"curies":[{"name":"wp","href":"https:\/\/api.w.org\/{rel}","templated":true}]}}