{"id":84,"date":"2024-01-29T14:36:46","date_gmt":"2024-01-29T13:36:46","guid":{"rendered":"https:\/\/madamefrite.fr\/?post_type=product&#038;p=84"},"modified":"2025-04-15T20:48:30","modified_gmt":"2025-04-15T18:48:30","slug":"menu-burger-madame","status":"publish","type":"product","link":"https:\/\/madamefrite.fr\/index.php\/produit\/menu-burger-madame\/","title":{"rendered":"MENU BURGER MADAME"},"content":{"rendered":"<div class=\"product-description\">\n<div class=\"product-description\">Steak de boeuf, buns artisanal, Comt\u00e9 AOP, oignons caram\u00e9lis\u00e9s, mayonnaise \u00e0 l&rsquo;ail, salade et pickles.<\/div>\n<div class=\"product-description\">Menu servi avec une petite frite et une boisson.<\/div>\n<\/div>\n","protected":false},"excerpt":{"rendered":"<div class=\"product-description\">Steak de boeuf, buns artisanal, Comt\u00e9 AOP, oignons caram\u00e9lis\u00e9s, mayonnaise \u00e0 l&rsquo;ail, salade et pickles.<\/div>\n<div class=\"product-description\">Menu servi avec une petite frite et une boisson.<\/div>\n","protected":false},"featured_media":277,"template":"","meta":{"_kad_post_transparent":"default","_kad_post_title":"","_kad_post_layout":"default","_kad_post_sidebar_id":"","_kad_post_content_style":"default","_kad_post_vertical_padding":"default","_kad_post_feature":"","_kad_post_feature_position":"","_kad_post_header":false,"_kad_post_footer":false},"product_brand":[],"product_cat":[18],"product_tag":[],"class_list":{"0":"post-84","1":"product","2":"type-product","3":"status-publish","4":"has-post-thumbnail","6":"product_cat-menu","8":"first","9":"instock","10":"taxable","11":"shipping-taxable","12":"purchasable","13":"product-type-simple","14":"entry","15":"content-bg","16":"loop-entry"},"_links":{"self":[{"href":"https:\/\/madamefrite.fr\/index.php\/wp-json\/wp\/v2\/product\/84","targetHints":{"allow":["GET"]}}],"collection":[{"href":"https:\/\/madamefrite.fr\/index.php\/wp-json\/wp\/v2\/product"}],"about":[{"href":"https:\/\/madamefrite.fr\/index.php\/wp-json\/wp\/v2\/types\/product"}],"wp:featuredmedia":[{"embeddable":true,"href":"https:\/\/madamefrite.fr\/index.php\/wp-json\/wp\/v2\/media\/277"}],"wp:attachment":[{"href":"https:\/\/madamefrite.fr\/index.php\/wp-json\/wp\/v2\/media?parent=84"}],"wp:term":[{"taxonomy":"product_brand","embeddable":true,"href":"https:\/\/madamefrite.fr\/index.php\/wp-json\/wp\/v2\/product_brand?post=84"},{"taxonomy":"product_cat","embeddable":true,"href":"https:\/\/madamefrite.fr\/index.php\/wp-json\/wp\/v2\/product_cat?post=84"},{"taxonomy":"product_tag","embeddable":true,"href":"https:\/\/madamefrite.fr\/index.php\/wp-json\/wp\/v2\/product_tag?post=84"}],"curies":[{"name":"wp","href":"https:\/\/api.w.org\/{rel}","templated":true}]}}