{"id":89,"date":"2024-01-29T14:39:53","date_gmt":"2024-01-29T13:39:53","guid":{"rendered":"https:\/\/madamefrite.fr\/?post_type=product&#038;p=89"},"modified":"2025-05-16T12:24:48","modified_gmt":"2025-05-16T10:24:48","slug":"menu-fish-chips","status":"publish","type":"product","link":"https:\/\/madamefrite.fr\/index.php\/produit\/menu-fish-chips\/","title":{"rendered":"MENU FISH &#038; CHIPS"},"content":{"rendered":"<div class=\"product-description\">Filet de poisson frais (vari\u00e9t\u00e9 selon arrivage), pan\u00e9 dans une p\u00e2te \u00e0 beignet maison.<\/div>\n<div class=\"product-description\">Menu servi avec frites, sauce mailo et boisson.<\/div>\n","protected":false},"excerpt":{"rendered":"<div class=\"product-description\" style=\"text-align: center;\">Filet de poisson frais (vari\u00e9t\u00e9 selon arrivage), pan\u00e9 dans une p\u00e2te \u00e0 beignet maison.<\/div>\n<div class=\"product-description\">Menu servi avec frites, sauce mailo et boisson.<\/div>\n","protected":false},"featured_media":280,"template":"","meta":{"_kad_post_transparent":"default","_kad_post_title":"","_kad_post_layout":"default","_kad_post_sidebar_id":"","_kad_post_content_style":"default","_kad_post_vertical_padding":"default","_kad_post_feature":"","_kad_post_feature_position":"","_kad_post_header":false,"_kad_post_footer":false},"product_brand":[],"product_cat":[18],"product_tag":[],"class_list":{"0":"post-89","1":"product","2":"type-product","3":"status-publish","4":"has-post-thumbnail","6":"product_cat-menu","8":"first","9":"instock","10":"taxable","11":"shipping-taxable","12":"purchasable","13":"product-type-simple","14":"entry","15":"content-bg","16":"loop-entry"},"_links":{"self":[{"href":"https:\/\/madamefrite.fr\/index.php\/wp-json\/wp\/v2\/product\/89","targetHints":{"allow":["GET"]}}],"collection":[{"href":"https:\/\/madamefrite.fr\/index.php\/wp-json\/wp\/v2\/product"}],"about":[{"href":"https:\/\/madamefrite.fr\/index.php\/wp-json\/wp\/v2\/types\/product"}],"wp:featuredmedia":[{"embeddable":true,"href":"https:\/\/madamefrite.fr\/index.php\/wp-json\/wp\/v2\/media\/280"}],"wp:attachment":[{"href":"https:\/\/madamefrite.fr\/index.php\/wp-json\/wp\/v2\/media?parent=89"}],"wp:term":[{"taxonomy":"product_brand","embeddable":true,"href":"https:\/\/madamefrite.fr\/index.php\/wp-json\/wp\/v2\/product_brand?post=89"},{"taxonomy":"product_cat","embeddable":true,"href":"https:\/\/madamefrite.fr\/index.php\/wp-json\/wp\/v2\/product_cat?post=89"},{"taxonomy":"product_tag","embeddable":true,"href":"https:\/\/madamefrite.fr\/index.php\/wp-json\/wp\/v2\/product_tag?post=89"}],"curies":[{"name":"wp","href":"https:\/\/api.w.org\/{rel}","templated":true}]}}